{"id":16368,"date":"2026-04-08T09:41:06","date_gmt":"2026-04-08T08:41:06","guid":{"rendered":"https:\/\/screenimage.ch\/?page_id=16368"},"modified":"2026-04-14T09:42:27","modified_gmt":"2026-04-14T08:42:27","slug":"screenimage-mobile-2","status":"publish","type":"page","link":"https:\/\/screenimage.ch\/en\/offer\/screenimage-mobile-2\/","title":{"rendered":"Screenimage Mobile"},"content":{"rendered":"<div class=\"hero-banner margin_bottom \"\n    data-aos=\"fade-up\">\n    <div class=\"hero-banner__wrapper\">\n                    <div class=\"hero-banner__image\">\n                <video playsinline autoplay loop muted src=\"https:\/\/screenimage.ch\/wp-content\/uploads\/2022\/06\/screenimage2022anim_breit.mov\"><\/video>\n            <\/div>\n                <div class=\"hero-banner__title\"><p>With <span style=\"color: #f0405c;\">Screenimage Mobile<\/span>, everyone stays on the same page.<\/p>\n<\/div>    \n    <\/div>\n<\/div>\n\n    <div class=\"lead-text margin_bottom \"\n        data-aos=\"fade-up\">\n        <div class=\"lead-text__wrapper\">\n                        <h1 class=\"lead-text__start-point\">Employee App Screenimage Mobile<\/h1>\n                        <p class=\"lead\">With Screenimage Mobile, you can reach all employees simultaneously and regardless of location. The app ensures equal access to information for all employees \u2014 whether they have a PC workstation or not. In this way, you create the shortest possible communication paths.<br \/>\r\nEmployee communication via the app is not a one way channel. Through surveys and commenting functions, you enable active interaction.<\/p>\n        <\/div>\n    <\/div>\n\n\n    <div class=\"service-list__block margin_bottom\"\n        data-aos=\"fade-up\">\n                                            <div class=\"service-list__wrapper\"\n                data-aos=\"fade-up\">\n                <div class=\"row\">\n                    <div class=\"col-12 col-md-10 offset-md-1\">\n                        <div class=\"row\">\n                            <div class=\"col-md-3\">\n                                                                    <div class=\"service-list__icon\">\n                                                                                                                            <div class=\"service-list__icon--wrapper\">\n                                                <img decoding=\"async\" src=\"https:\/\/screenimage.ch\/wp-content\/uploads\/2024\/09\/Screenimage_MitarbeiterApp_Zielgruppenspezifische_Kanaele.svg\" alt=\"Icon\">\n                                            <\/div>\n                                                                            <\/div>\n                                                                <\/div>\n                            <div class=\"col-md-8\">\n                                                                    <div class=\"service-list__title\">\n                                        <h2>Target group specific News Channels<\/h2>\n                                    <\/div>\n                                                                                                    <div class=\"service-list__description\">\n                                        <p>Building on our digital signage expertise, we integrate a smart information structure directly into a custom app for your company. Content is tailored to each employee\u2019s department and location, ensuring that news and updates are always relevant.<br \/>\nOur principle is clear: the right information, for the right people, at the right time \u2014 no more, no less.<\/p>\n                                    <\/div>\n                                                            <\/div>\n                        <\/div>\n                    <\/div>\n                <\/div>\n            <\/div>\n                                            <div class=\"service-list__wrapper\"\n                data-aos=\"fade-up\">\n                <div class=\"row\">\n                    <div class=\"col-12 col-md-10 offset-md-2\">\n                        <div class=\"row\">\n                            <div class=\"col-md-3\">\n                                                                    <div class=\"service-list__icon\">\n                                                                                                                            <div class=\"service-list__icon--wrapper\">\n                                                <img decoding=\"async\" src=\"https:\/\/screenimage.ch\/wp-content\/uploads\/2024\/09\/Screenimage_MitarbeiterApp_Integration_Feeds_Apps.svg\" alt=\"Icon\">\n                                            <\/div>\n                                                                            <\/div>\n                                                                <\/div>\n                            <div class=\"col-md-8\">\n                                                                    <div class=\"service-list__title\">\n                                        <h2>Integration of Feeds &#038; Apps<\/h2>\n                                    <\/div>\n                                                                                                    <div class=\"service-list__description\">\n                                        <p>In addition to manual posts, your organization already owns a wealth of relevant data that can be seamlessly integrated through interfaces. Typical examples include shift and vacation schedules, as well as live dashboard views from your productive systems such as ticketing platforms, monitoring tools, or operational databases.<\/p>\n<p>By connecting these systems, information remains up to date automatically, reduces manual effort, and ensures that employees always have access to reliable, real-time insights.<\/p>\n                                    <\/div>\n                                                            <\/div>\n                        <\/div>\n                    <\/div>\n                <\/div>\n            <\/div>\n                                            <div class=\"service-list__wrapper\"\n                data-aos=\"fade-up\">\n                <div class=\"row\">\n                    <div class=\"col-12 col-md-10 offset-md-1\">\n                        <div class=\"row\">\n                            <div class=\"col-md-3\">\n                                                                    <div class=\"service-list__icon\">\n                                                                                                                            <div class=\"service-list__icon--wrapper\">\n                                                <img decoding=\"async\" src=\"https:\/\/screenimage.ch\/wp-content\/uploads\/2024\/09\/Screenimage_MitarbeiterApp_Interaktivitaet.svg\" alt=\"Icon\">\n                                            <\/div>\n                                                                            <\/div>\n                                                                <\/div>\n                            <div class=\"col-md-8\">\n                                                                    <div class=\"service-list__title\">\n                                        <h2>Interactivity<\/h2>\n                                    <\/div>\n                                                                                                    <div class=\"service-list__description\">\n                                        <p>Unlike our digital signage solutions, your employees can react directly to posts. They can \u201clike,\u201d \u201cdislike,\u201d and even comment on posts. As an administrator, you also have the option to actively solicit feedback by creating polls. We are convinced that by not only informing your team but also involving them, you will foster the greatest possible sense of ownership.<\/p>\n                                    <\/div>\n                                                            <\/div>\n                        <\/div>\n                    <\/div>\n                <\/div>\n            <\/div>\n                                            <div class=\"service-list__wrapper\"\n                data-aos=\"fade-up\">\n                <div class=\"row\">\n                    <div class=\"col-12 col-md-10 offset-md-2\">\n                        <div class=\"row\">\n                            <div class=\"col-md-3\">\n                                                                    <div class=\"service-list__icon\">\n                                                                                                                            <div class=\"service-list__icon--wrapper\">\n                                                <img decoding=\"async\" src=\"https:\/\/screenimage.ch\/wp-content\/uploads\/2024\/09\/Screenimage_MitarbeiterApp_Integration_Geraetemanagement.svg\" alt=\"Icon\">\n                                            <\/div>\n                                                                            <\/div>\n                                                                <\/div>\n                            <div class=\"col-md-8\">\n                                                                    <div class=\"service-list__title\">\n                                        <h2>Integration Device Management<\/h2>\n                                    <\/div>\n                                                                                                    <div class=\"service-list__description\">\n                                        <p>Does your company provide its employees with mobile devices and manage them? No problem. The app can be easily configured and distributed via MDM (Mobile Device Management).<\/p>\n                                    <\/div>\n                                                            <\/div>\n                        <\/div>\n                    <\/div>\n                <\/div>\n            <\/div>\n            <\/div>\n\n\n<div class=\"advantages-grid margin_bottom\" data-aos=\"fade-up\">\n    <div class=\"container\">\n        <div class=\"row\">\n            <div class=\"col-12\">\n                <h4>Features<\/h4>\n            <\/div>\n        <\/div>\n        <div class=\"row advantages-sldier-init\">\n                    <div class=\"col-12 col-md-6 col-lg-4\">\n                <div class=\"advantages-grid__wrapper\">\n                    <h3>Automatic Translation<\/h3>\n                    <p>All posts are automatically translated into the employees&#8217; preferred native languages. This promotes equality by ensuring linguistic accessibility.<\/p>\n                    <span>Accessible<\/span>\n                    <div class=\"slider-nav\"><span class=\"slider-nav__current\"><\/span> \/ <span class=\"slider-nav__total\"><\/span><\/div>\n                <\/div>\n            <\/div>\n                    <div class=\"col-12 col-md-6 col-lg-4\">\n                <div class=\"advantages-grid__wrapper\">\n                    <h3>Surveys<\/h3>\n                    <p>By conducting surveys, you can actively gather feedback from your workforce and create a unique form of interaction.<\/p>\n                    <span>Interactive<\/span>\n                    <div class=\"slider-nav\"><span class=\"slider-nav__current\"><\/span> \/ <span class=\"slider-nav__total\"><\/span><\/div>\n                <\/div>\n            <\/div>\n                    <div class=\"col-12 col-md-6 col-lg-4\">\n                <div class=\"advantages-grid__wrapper\">\n                    <h3>PDF Upload<\/h3>\n                    <p>Important documents such as regulations, guidelines, and duty rosters can be uploaded as PDFs and distributed via email.<\/p>\n                    <span>Convenient<\/span>\n                    <div class=\"slider-nav\"><span class=\"slider-nav__current\"><\/span> \/ <span class=\"slider-nav__total\"><\/span><\/div>\n                <\/div>\n            <\/div>\n                    <div class=\"col-12 col-md-6 col-lg-4\">\n                <div class=\"advantages-grid__wrapper\">\n                    <h3>Push Notifications<\/h3>\n                    <p>Use push notifications to alert your employees to particularly important and urgent information.<\/p>\n                    <span>Proactive<\/span>\n                    <div class=\"slider-nav\"><span class=\"slider-nav__current\"><\/span> \/ <span class=\"slider-nav__total\"><\/span><\/div>\n                <\/div>\n            <\/div>\n                    <div class=\"col-12 col-md-6 col-lg-4\">\n                <div class=\"advantages-grid__wrapper\">\n                    <h3>Read Receipt<\/h3>\n                    <p>Important messages can be sent with a read receipt. The advantage is that you can be sure the message has been received.<\/p>\n                    <span>Reliable<\/span>\n                    <div class=\"slider-nav\"><span class=\"slider-nav__current\"><\/span> \/ <span class=\"slider-nav__total\"><\/span><\/div>\n                <\/div>\n            <\/div>\n                    <div class=\"col-12 col-md-6 col-lg-4\">\n                <div class=\"advantages-grid__wrapper\">\n                    <h3>User-specific information channel<\/h3>\n                    <p>Users can subscribe to or unsubscribe from optional channels.<\/p>\n                    <span>Customizable<\/span>\n                    <div class=\"slider-nav\"><span class=\"slider-nav__current\"><\/span> \/ <span class=\"slider-nav__total\"><\/span><\/div>\n                <\/div>\n            <\/div>\n                <\/div>\n    <\/div>\n<\/div>\n\n\n    <div class=\"lead-text margin_bottom lead-text--center\"\n        data-aos=\"fade-up\">\n        <div class=\"lead-text__wrapper\">\n                        <h2 class=\"lead-text__start-point\">References<\/h2>\n                        <p class=\"lead\">Would you like to learn more about how Screenimage Mobile performs in real-world scenarios? Here are two selected customer projects that demonstrate the app\u2019s wide range of applications and the value it adds.<\/p>\n        <\/div>\n    <\/div>\n\n\n\n\n<div class=\"filter-refernzen-block\">\n    <div class=\"row\">\n                    <article class=\"col-sm-6 col-lg-4 offset-lg-2 animated fadeInUp\">\n                <div class=\"ux-card-ref\">\n                                        <img decoding=\"async\" class=\"ux-card-ref__bild wp-post-image\" src=\"https:\/\/screenimage.ch\/wp-content\/uploads\/2024\/05\/EWS_1-414x551.png\" alt=\"\">\n                    <a class=\"ux-card-ref__overlay\" href=\"https:\/\/screenimage.ch\/?post_type=referenzen&#038;p=17905\">\n                                                    <img decoding=\"async\" \n                                class=\"ux-card-ref__brand\"\n                                src=\"https:\/\/screenimage.ch\/wp-content\/uploads\/2024\/05\/EW_Sennwald_Logo-1.png\" \n                                alt=\"Screenimage Mobile EW Sennwald\">\n                                                <div class=\"ux-card-ref__info\">\n                                                            <h4>\n                                    Industrie                                <\/h4>\n                                                                                        <h3>\n                                    Comprehensive communication with Screenimage Mobile                                <\/h3>\n                                                        <div class=\"ux-card-ref__arrow\">\n                                <img decoding=\"async\" class=\"ux-logo__img\" \n                                    src=\"https:\/\/screenimage.ch\/wp-content\/themes\/scim-theme\/images\/icon\/link-arrow.svg\" \n                                    alt=\"arrow\" \/>\n                            <\/div>\n                        <\/div>\n                    <\/a>\n                <\/div>\n            <\/article>\n            \n                    <article class=\"col-sm-6 col-lg-4  animated fadeInUp\">\n                <div class=\"ux-card-ref\">\n                                        <img decoding=\"async\" class=\"ux-card-ref__bild wp-post-image\" src=\"https:\/\/screenimage.ch\/wp-content\/uploads\/2022\/04\/IWB_Hauptsitz_Foyer_1366x570-e1651068543600-414x551.jpg\" alt=\"\">\n                    <a class=\"ux-card-ref__overlay\" href=\"https:\/\/screenimage.ch\/?post_type=referenzen&#038;p=17908\">\n                                                    <img decoding=\"async\" \n                                class=\"ux-card-ref__brand\"\n                                src=\"https:\/\/screenimage.ch\/wp-content\/uploads\/2022\/04\/IBW_weiss.png\" \n                                alt=\"\">\n                                                <div class=\"ux-card-ref__info\">\n                                                            <h4>\n                                    Dienstleistungen                                <\/h4>\n                                                                                        <h3>\n                                    A combination of Digital Signage and App                                <\/h3>\n                                                        <div class=\"ux-card-ref__arrow\">\n                                <img decoding=\"async\" class=\"ux-logo__img\" \n                                    src=\"https:\/\/screenimage.ch\/wp-content\/themes\/scim-theme\/images\/icon\/link-arrow.svg\" \n                                    alt=\"arrow\" \/>\n                            <\/div>\n                        <\/div>\n                    <\/a>\n                <\/div>\n            <\/article>\n            \n            <\/div>\n<\/div>\n\n    <a class=\"cta-gradient__link\" target=\"\" href=\"https:\/\/screenimage.ch\/blog\/screenimage-mobile\/\">\n        <div class=\"cta-gradient margin_bottom margin_top\">\n            <div class=\"cta-gradient__wrapper\">\n                <p>More about the App<\/p>\n                <h3>Blog post<\/h3>\n            <\/div>\n        <\/div>\n    <\/a>\n\n\n\n<p><\/p>\n","protected":false},"excerpt":{"rendered":"<p>Screenimage Mobile verbindet interne Kommunikation mit den Smartphones Ihrer Mitarbeitenden. Die App l\u00f6st die zentralen Kommunikationsherausforderungen der heutigen Zeit auf \u00e4usserst effiziente Art und Weise.<br \/>\nAlle relevanten Informationen und k\u00f6nnen von \u00fcberall her gelesen werden. Dabei besticht die App mit ihrer intuitiven Bedienoberfl\u00e4che sowohl f\u00fcr die User als auch f\u00fcr die Administratoren. <\/p>\n","protected":false},"author":11,"featured_media":0,"parent":13541,"menu_order":0,"comment_status":"closed","ping_status":"closed","template":"","meta":{"_acf_changed":false,"footnotes":""},"class_list":["post-16368","page","type-page","status-publish","hentry"],"acf":[],"yoast_head":"<!-- This site is optimized with the Yoast SEO plugin v26.8 - https:\/\/yoast.com\/product\/yoast-seo-wordpress\/ -->\n<title>&quot;Screenimage Mobile&quot; die Mitarbeiter-App von Screenimage<\/title>\n<meta name=\"description\" content=\"Screenimage Mobile verbindet Ihre interne Kommunikation mit den Smartphones Ihrer Mitarbeitenden. Digital Signage f\u00fcr unterwegs.\" \/>\n<meta name=\"robots\" content=\"index, follow, max-snippet:-1, max-image-preview:large, max-video-preview:-1\" \/>\n<link rel=\"canonical\" href=\"https:\/\/screenimage.ch\/en\/offer\/screenimage-mobile-2\/\" \/>\n<meta property=\"og:locale\" content=\"en_US\" \/>\n<meta property=\"og:type\" content=\"article\" \/>\n<meta property=\"og:title\" content=\"&quot;Screenimage Mobile&quot; die Mitarbeiter-App von Screenimage\" \/>\n<meta property=\"og:description\" content=\"Screenimage Mobile verbindet Ihre interne Kommunikation mit den Smartphones Ihrer Mitarbeitenden. Digital Signage f\u00fcr unterwegs.\" \/>\n<meta property=\"og:url\" content=\"https:\/\/screenimage.ch\/en\/offer\/screenimage-mobile-2\/\" \/>\n<meta property=\"og:site_name\" content=\"screenIMAGE\" \/>\n<meta property=\"article:modified_time\" content=\"2026-04-14T08:42:27+00:00\" \/>\n<meta property=\"og:image\" content=\"https:\/\/screenimage.ch\/wp-content\/uploads\/2024\/03\/Screenimage_Singage_Loesungen.png\" \/>\n\t<meta property=\"og:image:width\" content=\"1200\" \/>\n\t<meta property=\"og:image:height\" content=\"720\" \/>\n\t<meta property=\"og:image:type\" content=\"image\/png\" \/>\n<meta name=\"twitter:card\" content=\"summary_large_image\" \/>\n<script type=\"application\/ld+json\" class=\"yoast-schema-graph\">{\"@context\":\"https:\/\/schema.org\",\"@graph\":[{\"@type\":\"WebPage\",\"@id\":\"https:\/\/screenimage.ch\/en\/offer\/screenimage-mobile-2\/\",\"url\":\"https:\/\/screenimage.ch\/en\/offer\/screenimage-mobile-2\/\",\"name\":\"\\\"Screenimage Mobile\\\" die Mitarbeiter-App von Screenimage\",\"isPartOf\":{\"@id\":\"https:\/\/screenimage.ch\/#website\"},\"datePublished\":\"2026-04-08T08:41:06+00:00\",\"dateModified\":\"2026-04-14T08:42:27+00:00\",\"description\":\"Screenimage Mobile verbindet Ihre interne Kommunikation mit den Smartphones Ihrer Mitarbeitenden. Digital Signage f\u00fcr unterwegs.\",\"breadcrumb\":{\"@id\":\"https:\/\/screenimage.ch\/en\/offer\/screenimage-mobile-2\/#breadcrumb\"},\"inLanguage\":\"en-US\",\"potentialAction\":[{\"@type\":\"ReadAction\",\"target\":[\"https:\/\/screenimage.ch\/en\/offer\/screenimage-mobile-2\/\"]}]},{\"@type\":\"BreadcrumbList\",\"@id\":\"https:\/\/screenimage.ch\/en\/offer\/screenimage-mobile-2\/#breadcrumb\",\"itemListElement\":[{\"@type\":\"ListItem\",\"position\":1,\"name\":\"Home\",\"item\":\"https:\/\/screenimage.ch\/en\/\"},{\"@type\":\"ListItem\",\"position\":2,\"name\":\"Offer\",\"item\":\"https:\/\/screenimage.ch\/en\/offer\/\"},{\"@type\":\"ListItem\",\"position\":3,\"name\":\"Screenimage Mobile\"}]},{\"@type\":\"WebSite\",\"@id\":\"https:\/\/screenimage.ch\/#website\",\"url\":\"https:\/\/screenimage.ch\/\",\"name\":\"screenIMAGE\",\"description\":\"screenIMAGE\",\"potentialAction\":[{\"@type\":\"SearchAction\",\"target\":{\"@type\":\"EntryPoint\",\"urlTemplate\":\"https:\/\/screenimage.ch\/?s={search_term_string}\"},\"query-input\":{\"@type\":\"PropertyValueSpecification\",\"valueRequired\":true,\"valueName\":\"search_term_string\"}}],\"inLanguage\":\"en-US\"}]}<\/script>\n<!-- \/ Yoast SEO plugin. -->","yoast_head_json":{"title":"\"Screenimage Mobile\" die Mitarbeiter-App von Screenimage","description":"Screenimage Mobile verbindet Ihre interne Kommunikation mit den Smartphones Ihrer Mitarbeitenden. Digital Signage f\u00fcr unterwegs.","robots":{"index":"index","follow":"follow","max-snippet":"max-snippet:-1","max-image-preview":"max-image-preview:large","max-video-preview":"max-video-preview:-1"},"canonical":"https:\/\/screenimage.ch\/en\/offer\/screenimage-mobile-2\/","og_locale":"en_US","og_type":"article","og_title":"\"Screenimage Mobile\" die Mitarbeiter-App von Screenimage","og_description":"Screenimage Mobile verbindet Ihre interne Kommunikation mit den Smartphones Ihrer Mitarbeitenden. Digital Signage f\u00fcr unterwegs.","og_url":"https:\/\/screenimage.ch\/en\/offer\/screenimage-mobile-2\/","og_site_name":"screenIMAGE","article_modified_time":"2026-04-14T08:42:27+00:00","og_image":[{"width":1200,"height":720,"url":"https:\/\/screenimage.ch\/wp-content\/uploads\/2024\/03\/Screenimage_Singage_Loesungen.png","type":"image\/png"}],"twitter_card":"summary_large_image","schema":{"@context":"https:\/\/schema.org","@graph":[{"@type":"WebPage","@id":"https:\/\/screenimage.ch\/en\/offer\/screenimage-mobile-2\/","url":"https:\/\/screenimage.ch\/en\/offer\/screenimage-mobile-2\/","name":"\"Screenimage Mobile\" die Mitarbeiter-App von Screenimage","isPartOf":{"@id":"https:\/\/screenimage.ch\/#website"},"datePublished":"2026-04-08T08:41:06+00:00","dateModified":"2026-04-14T08:42:27+00:00","description":"Screenimage Mobile verbindet Ihre interne Kommunikation mit den Smartphones Ihrer Mitarbeitenden. Digital Signage f\u00fcr unterwegs.","breadcrumb":{"@id":"https:\/\/screenimage.ch\/en\/offer\/screenimage-mobile-2\/#breadcrumb"},"inLanguage":"en-US","potentialAction":[{"@type":"ReadAction","target":["https:\/\/screenimage.ch\/en\/offer\/screenimage-mobile-2\/"]}]},{"@type":"BreadcrumbList","@id":"https:\/\/screenimage.ch\/en\/offer\/screenimage-mobile-2\/#breadcrumb","itemListElement":[{"@type":"ListItem","position":1,"name":"Home","item":"https:\/\/screenimage.ch\/en\/"},{"@type":"ListItem","position":2,"name":"Offer","item":"https:\/\/screenimage.ch\/en\/offer\/"},{"@type":"ListItem","position":3,"name":"Screenimage Mobile"}]},{"@type":"WebSite","@id":"https:\/\/screenimage.ch\/#website","url":"https:\/\/screenimage.ch\/","name":"screenIMAGE","description":"screenIMAGE","potentialAction":[{"@type":"SearchAction","target":{"@type":"EntryPoint","urlTemplate":"https:\/\/screenimage.ch\/?s={search_term_string}"},"query-input":{"@type":"PropertyValueSpecification","valueRequired":true,"valueName":"search_term_string"}}],"inLanguage":"en-US"}]}},"_links":{"self":[{"href":"https:\/\/screenimage.ch\/en\/wp-json\/wp\/v2\/pages\/16368","targetHints":{"allow":["GET"]}}],"collection":[{"href":"https:\/\/screenimage.ch\/en\/wp-json\/wp\/v2\/pages"}],"about":[{"href":"https:\/\/screenimage.ch\/en\/wp-json\/wp\/v2\/types\/page"}],"author":[{"embeddable":true,"href":"https:\/\/screenimage.ch\/en\/wp-json\/wp\/v2\/users\/11"}],"replies":[{"embeddable":true,"href":"https:\/\/screenimage.ch\/en\/wp-json\/wp\/v2\/comments?post=16368"}],"version-history":[{"count":5,"href":"https:\/\/screenimage.ch\/en\/wp-json\/wp\/v2\/pages\/16368\/revisions"}],"predecessor-version":[{"id":17921,"href":"https:\/\/screenimage.ch\/en\/wp-json\/wp\/v2\/pages\/16368\/revisions\/17921"}],"up":[{"embeddable":true,"href":"https:\/\/screenimage.ch\/en\/wp-json\/wp\/v2\/pages\/13541"}],"wp:attachment":[{"href":"https:\/\/screenimage.ch\/en\/wp-json\/wp\/v2\/media?parent=16368"}],"curies":[{"name":"wp","href":"https:\/\/api.w.org\/{rel}","templated":true}]}}